{"id":515,"date":"2021-10-25T09:22:43","date_gmt":"2021-10-25T09:22:43","guid":{"rendered":"https:\/\/wordpress-566072-2146620.cloudwaysapps.com\/?page_id=515"},"modified":"2025-11-12T06:19:17","modified_gmt":"2025-11-12T06:19:17","slug":"impresion-digital","status":"publish","type":"page","link":"https:\/\/urbaprint.cl\/","title":{"rendered":"Impresi\u00f3n Digital"},"content":{"rendered":"\n<div class=\"wp-block-stackable-columns stk-block-columns stk-block stk-2b10ff5 stk-block-background stk--background-scheme--scheme-default-3 alignfull stk--has-background-overlay\" data-block-id=\"2b10ff5\"><style>.stk-2b10ff5 {background-color:#5f8fe1 !important;background-image:url(https:\/\/urbaprint.cl\/wordpress\/wp-content\/uploads\/2025\/11\/imagen-para-pagina-web-1-urbaprint.jpg) !important;background-position:bottom center !important;background-repeat:no-repeat !important;background-size:contain !important;min-height:100vh !important;align-items:center !important;padding-top:270px !important;padding-bottom:300px !important;margin-bottom:0px !important;display:flex !important;}.stk-2b10ff5:before{background-color:#5f8fe1 !important;opacity:0 !important;}@media screen and (max-width:999px){.stk-2b10ff5 {padding-top:200px !important;padding-bottom:250px !important;}}@media screen and (max-width:689px){.stk-2b10ff5 {background-image:url(https:\/\/urbaprint.cl\/wordpress\/wp-content\/uploads\/2025\/11\/imagen-para-pagina-web-1-urbaprint.jpg) !important;padding-top:190px !important;padding-bottom:240px !important;}}<\/style><div class=\"stk-row stk-inner-blocks stk-block-content stk-content-align stk-2b10ff5-column\">\n<div class=\"wp-block-stackable-column stk-block-column stk-column stk-block stk-e1de533\" data-v=\"4\" data-block-id=\"e1de533\"><style>.stk-e1de533-container{margin-top:0px !important;margin-right:0px !important;margin-bottom:0px !important;margin-left:0px !important;}@media screen and (min-width:690px){.stk-e1de533 {flex:var(--stk-flex-grow, 1) 1 calc(100% - var(--stk-column-gap, 0px) * 0 \/ 1 ) !important;}}@media screen and (min-width:690px) and (max-width:999px){.stk-e1de533 {flex:var(--stk-flex-grow, 1) 1 75% !important;}}<\/style><div class=\"stk-column-wrapper stk-block-column__content stk-container stk-e1de533-container stk--no-background stk--no-padding\"><div class=\"stk-block-content stk-inner-blocks stk-e1de533-inner-blocks\">\n<div class=\"wp-block-stackable-heading stk-block-heading stk-block-heading--v2 stk-block stk-338d9c3\" id=\"transforma-tu-vision-br-en-realidad\" data-block-id=\"338d9c3\"><style>.stk-338d9c3 {margin-bottom:15px !important;}.stk-338d9c3 .stk-block-heading__text{font-size:50px !important;color:#fffffe !important;line-height:1.4em !important;}@media screen and (max-width:999px){.stk-338d9c3 .stk-block-heading__text{font-size:40px !important;}}@media screen and (max-width:689px){.stk-338d9c3 .stk-block-heading__text{font-size:30px !important;}}<\/style><h3 class=\"stk-block-heading__text has-text-color has-palette-color-8-color has-text-align-center-mobile stk-block-heading--use-theme-margins\">\u00a1Transforma tu visi\u00f3n <br>en realidad!<\/h3><\/div>\n\n\n\n<div class=\"wp-block-stackable-text stk-block-text stk-block stk-558e02d\" data-block-id=\"558e02d\"><style>.stk-558e02d {max-width:600px !important;min-width:auto !important;margin-bottom:36px !important;}.stk-558e02d .stk-block-text__text{color:var(--theme-palette-color-8, #ffffff) !important;}<\/style><p class=\"stk-block-text__text has-text-color has-palette-color-8-color has-text-align-center-mobile\">En <strong>URBAPRINT<\/strong> ofrecemos <strong>impresi\u00f3n digital de alta calidad<\/strong>, <br><strong>Publicidad en pantallas LED<\/strong> y <strong>fabricaci\u00f3n de letreros publicitarios<\/strong>.<br>Combinamos <strong>creatividad, tecnolog\u00eda y buen precio<\/strong> para potenciar tu marca.<\/p><\/div>\n\n\n\n<div class=\"wp-block-stackable-button-group stk-block-button-group stk-block stk-545a346\" data-block-id=\"545a346\"><style>.stk-545a346 .stk-inner-blocks{column-gap:20px !important;}<\/style><div class=\"stk-row stk-inner-blocks has-text-align-center-mobile stk-block-content stk-button-group\">\n<div class=\"wp-block-stackable-button stk-block-button stk-block stk-62920ae\" data-block-id=\"62920ae\"><style>.stk-62920ae .stk-button{padding-right:25px !important;padding-left:25px !important;background:#f00069 !important;border-top-left-radius:var(--stk--preset--border-radius--medium, 8px) !important;border-top-right-radius:var(--stk--preset--border-radius--medium, 8px) !important;border-bottom-right-radius:var(--stk--preset--border-radius--medium, 8px) !important;border-bottom-left-radius:var(--stk--preset--border-radius--medium, 8px) !important;}.stk-62920ae .stk-button:before{box-shadow:1px 1px 2px 0px #0f0e17 !important;}.stk-62920ae .stk-button__inner-text{font-weight:500 !important;}<\/style><a class=\"stk-link stk-button stk--hover-effect-darken\" href=\"https:\/\/api.whatsapp.com\/send\/?phone=56963711841&amp;text&amp;type=phone_number&amp;app_absent=0\"><span class=\"stk-button__inner-text\">PUBLICIDAD V\u00cdA PUBLICA<\/span><\/a><\/div>\n\n\n\n<div class=\"wp-block-stackable-button stk-block-button stk-block stk-7594fdc\" data-block-id=\"7594fdc\"><style>.stk-7594fdc .stk-button{padding-right:25px !important;padding-left:25px !important;background:var(--theme-palette-color-1, #38adfc) !important;border-top-left-radius:var(--stk--preset--border-radius--medium, 8px) !important;border-top-right-radius:var(--stk--preset--border-radius--medium, 8px) !important;border-bottom-right-radius:var(--stk--preset--border-radius--medium, 8px) !important;border-bottom-left-radius:var(--stk--preset--border-radius--medium, 8px) !important;}.stk-7594fdc .stk-button:before{box-shadow:1px 1px 2px 0px #0f0e17 !important;border-top-width:2px !important;border-right-width:2px !important;border-bottom-width:2px !important;border-left-width:2px !important;}.stk-7594fdc .stk-button__inner-text{color:#fffffe !important;font-weight:500 !important;}<\/style><a class=\"stk-link stk-button stk--hover-effect-darken\" href=\"https:\/\/urbaprint.cl\/index.php\/about\/\"><span class=\"has-text-color has-palette-color-8-color stk-button__inner-text\">IMPRESI\u00d3N DIGITAL<\/span><\/a><\/div>\n<\/div><\/div>\n<\/div><\/div><\/div>\n<\/div><\/div>\n","protected":false},"excerpt":{"rendered":"<p>\u00a1Transforma tu visi\u00f3n en realidad! En URBAPRINT ofrecemos impresi\u00f3n digital de alta calidad, Publicidad en pantallas LED y fabricaci\u00f3n de letreros publicitarios.Combinamos creatividad, tecnolog\u00eda y buen precio para potenciar tu marca. PUBLICIDAD V\u00cdA PUBLICA IMPRESI\u00d3N DIGITAL<\/p>\n","protected":false},"author":1,"featured_media":755,"parent":0,"menu_order":0,"comment_status":"closed","ping_status":"closed","template":"","meta":{"_joinchat":[],"footnotes":""},"class_list":["post-515","page","type-page","status-publish","has-post-thumbnail","hentry"],"blocksy_meta":{"page_title_panel":"","has_hero_section":"disabled","0f7480de7faa8c01f4afcfa8a4c162a8":"","hero_section":"type-1","hero_elements":[{"id":"custom_title","enabled":true,"heading_tag":"h1","title":"Home"},{"id":"custom_description","enabled":true,"description_visibility":{"desktop":true,"tablet":true,"mobile":false}},{"id":"custom_meta","enabled":false,"meta_elements":[{"id":"author","enabled":true,"label":"By","has_author_avatar":"yes","avatar_size":25},{"id":"post_date","enabled":true,"label":"On","date_format_source":"default","date_format":"M j, Y"},{"id":"updated_date","enabled":false,"label":"On","date_format_source":"default","date_format":"M j, Y"},{"id":"categories","enabled":false,"label":"In","style":"simple"},{"id":"comments","enabled":true}],"page_meta_elements":{"joined":true,"articles_count":true,"comments":true}},{"id":"breadcrumbs","enabled":false}],"ccbd3b87ed7cda1e006bfc356d65d00d":"","hero_alignment1":"CT_CSS_SKIP_RULE","hero_margin":40,"hero_alignment2":"center","hero_vertical_alignment":"center","bf8c35a283640742dc354342bd983b67":"","hero_structure":"narrow","301304ceff928af53bc05dd4098178ed":"","page_title_bg_type":"featured_image","custom_hero_background":{"attachment_id":null},"parallax":{"desktop":false,"tablet":false,"mobile":false},"2c4ad69ddfefc6ea0118139a825676e5":"","hero_height":"250px","pageTitleFont":{"family":"Default","variation":"Default","size":"30px","line-height":"CT_CSS_SKIP_RULE","letter-spacing":"CT_CSS_SKIP_RULE","text-transform":"CT_CSS_SKIP_RULE","text-decoration":"CT_CSS_SKIP_RULE"},"pageTitleFontColor":{"default":{"color":"CT_CSS_SKIP_RULEDEFAULT"}},"pageMetaFont":{"family":"Default","variation":"n6","size":"12px","line-height":"1.3","letter-spacing":"CT_CSS_SKIP_RULE","text-transform":"uppercase","text-decoration":"CT_CSS_SKIP_RULE"},"pageMetaFontColor":{"default":{"color":"CT_CSS_SKIP_RULEDEFAULT"},"hover":{"color":"CT_CSS_SKIP_RULEDEFAULT"}},"page_meta_button_type_font_colors":{"default":{"color":"CT_CSS_SKIP_RULEDEFAULT"},"hover":{"color":"CT_CSS_SKIP_RULEDEFAULT"}},"page_meta_button_type_background_colors":{"default":{"color":"CT_CSS_SKIP_RULEDEFAULT"},"hover":{"color":"CT_CSS_SKIP_RULEDEFAULT"}},"pageExcerptFont":{"family":"Default","variation":"Default","size":"CT_CSS_SKIP_RULE","line-height":"CT_CSS_SKIP_RULE","letter-spacing":"CT_CSS_SKIP_RULE","text-transform":"CT_CSS_SKIP_RULE","text-decoration":"CT_CSS_SKIP_RULE"},"pageExcerptColor":{"default":{"color":"CT_CSS_SKIP_RULEDEFAULT"}},"breadcrumbsFont":{"family":"Default","variation":"Default","size":"CT_CSS_SKIP_RULE","line-height":"CT_CSS_SKIP_RULE","letter-spacing":"CT_CSS_SKIP_RULE","text-transform":"CT_CSS_SKIP_RULE","text-decoration":"CT_CSS_SKIP_RULE"},"breadcrumbsFontColor":{"default":{"color":"CT_CSS_SKIP_RULEDEFAULT"},"initial":{"color":"CT_CSS_SKIP_RULEDEFAULT"},"hover":{"color":"CT_CSS_SKIP_RULEDEFAULT"}},"pageTitleOverlay":{"background_type":"color","background_pattern":"type-1","background_image":{"attachment_id":null,"x":0,"y":0},"gradient":"linear-gradient(135deg,rgba(6,147,227,1) 0%,rgb(155,81,224) 100%)","background_repeat":"repeat","background_size":"auto","background_attachment":"scroll","patternColor":{"default":{"color":"#e5e7ea"}},"overlayColor":{"default":{"color":"CT_CSS_SKIP_RULE"}},"backgroundColor":{"default":{"color":"CT_CSS_SKIP_RULE"}}},"pageTitleBackground":{"background_type":"color","background_pattern":"type-1","background_image":{"attachment_id":null,"x":0,"y":0},"gradient":"linear-gradient(135deg,rgba(6,147,227,1) 0%,rgb(155,81,224) 100%)","background_repeat":"repeat","background_size":"auto","background_attachment":"scroll","patternColor":{"default":{"color":"#e5e7ea"}},"overlayColor":{"default":{"color":"CT_CSS_SKIP_RULE"}},"backgroundColor":{"default":{"color":"var(--theme-palette-color-6)"}}},"pageTitlePadding":{"top":"50px","bottom":"50px","left":"auto","right":"auto","linked":true},"c9c0d9b9e41c338cc69abcad0eff651c":"","page_structure_type":"default","6ce2aabdbf3db29e228061077b5e7248":"","content_style_source":"inherit","content_style":"wide","vertical_spacing_source":"custom","content_area_spacing":"none","background":{"background_type":"color","background_pattern":"type-1","background_image":{"attachment_id":null,"x":0,"y":0},"gradient":"linear-gradient(135deg,rgba(6,147,227,1) 0%,rgb(155,81,224) 100%)","background_repeat":"repeat","background_size":"auto","background_attachment":"scroll","patternColor":{"default":{"color":"#e5e7ea"}},"overlayColor":{"default":{"color":"CT_CSS_SKIP_RULE"}},"backgroundColor":{"default":{"color":"CT_CSS_SKIP_RULE"}}},"content_background":{"background_type":"color","background_pattern":"type-1","background_image":{"attachment_id":null,"x":0,"y":0},"gradient":"linear-gradient(135deg,rgba(6,147,227,1) 0%,rgb(155,81,224) 100%)","background_repeat":"repeat","background_size":"auto","background_attachment":"scroll","patternColor":{"default":{"color":"#e5e7ea"}},"overlayColor":{"default":{"color":"CT_CSS_SKIP_RULE"}},"backgroundColor":{"default":{"color":"var(--theme-palette-color-8)"}}},"content_boxed_shadow":{"inherit":false,"blur":18,"spread":-6,"v_offset":12,"h_offset":0,"inset":false,"enable":true,"color":{"color":"rgba(34, 56, 101, 0.04)"}},"boxed_content_spacing":{"desktop":{"top":"40px","bottom":"40px","left":"40px","right":"40px","linked":true},"tablet":{"top":"35px","bottom":"35px","left":"35px","right":"35px","linked":true},"mobile":{"top":"20px","bottom":"20px","left":"20px","right":"20px","linked":true}},"content_boxed_radius":{"top":"3px","bottom":"3px","left":"3px","right":"3px","linked":true},"34729e8460c21e8c8cf797f2bd8e6f85":"","disable_featured_image":"no","disable_header":"no","disable_footer":"no","styles_descriptor":{"styles":{"desktop":"","tablet":"","mobile":""},"google_fonts":[],"version":6}},"yoast_head":"<!-- This site is optimized with the Yoast SEO plugin v26.3 - https:\/\/yoast.com\/wordpress\/plugins\/seo\/ -->\n<title>Impresi\u00f3n Digital - UrbaPrint<\/title>\n<meta name=\"description\" content=\"Pendones Publicitarios \u2014 Impresi\u00f3n r\u00e1pida y de calidad para emprendedores y Pymes. UrbaPrint. \u00a1Cont\u00e1ctanos! +56963711841 ventas@urbaprint.cl\" \/>\n<meta name=\"robots\" content=\"index, follow, max-snippet:-1, max-image-preview:large, max-video-preview:-1\" \/>\n<link rel=\"canonical\" href=\"https:\/\/urbaprint.cl\/\" \/>\n<meta property=\"og:locale\" content=\"es_ES\" \/>\n<meta property=\"og:type\" content=\"article\" \/>\n<meta property=\"og:title\" content=\"Impresi\u00f3n Digital - UrbaPrint\" \/>\n<meta property=\"og:description\" content=\"Pendones Publicitarios \u2014 Impresi\u00f3n r\u00e1pida y de calidad para emprendedores y Pymes. UrbaPrint. \u00a1Cont\u00e1ctanos! +56963711841 ventas@urbaprint.cl\" \/>\n<meta property=\"og:url\" content=\"https:\/\/urbaprint.cl\/\" \/>\n<meta property=\"og:site_name\" content=\"UrbaPrint\" \/>\n<meta property=\"article:modified_time\" content=\"2025-11-12T06:19:17+00:00\" \/>\n<meta property=\"og:image\" content=\"https:\/\/urbaprint.cl\/wordpress\/wp-content\/uploads\/2025\/10\/cropped-logo-6.png\" \/>\n\t<meta property=\"og:image:width\" content=\"512\" \/>\n\t<meta property=\"og:image:height\" content=\"512\" \/>\n\t<meta property=\"og:image:type\" content=\"image\/png\" \/>\n<meta name=\"twitter:card\" content=\"summary_large_image\" \/>\n<meta name=\"twitter:label1\" content=\"Tiempo de lectura\" \/>\n\t<meta name=\"twitter:data1\" content=\"1 minuto\" \/>\n<script type=\"application\/ld+json\" class=\"yoast-schema-graph\">{\"@context\":\"https:\/\/schema.org\",\"@graph\":[{\"@type\":\"WebPage\",\"@id\":\"https:\/\/urbaprint.cl\/\",\"url\":\"https:\/\/urbaprint.cl\/\",\"name\":\"Impresi\u00f3n Digital - UrbaPrint\",\"isPartOf\":{\"@id\":\"https:\/\/urbaprint.cl\/#website\"},\"primaryImageOfPage\":{\"@id\":\"https:\/\/urbaprint.cl\/#primaryimage\"},\"image\":{\"@id\":\"https:\/\/urbaprint.cl\/#primaryimage\"},\"thumbnailUrl\":\"https:\/\/urbaprint.cl\/wordpress\/wp-content\/uploads\/2025\/10\/cropped-logo-6.png\",\"datePublished\":\"2021-10-25T09:22:43+00:00\",\"dateModified\":\"2025-11-12T06:19:17+00:00\",\"description\":\"Pendones Publicitarios \u2014 Impresi\u00f3n r\u00e1pida y de calidad para emprendedores y Pymes. UrbaPrint. \u00a1Cont\u00e1ctanos! +56963711841 ventas@urbaprint.cl\",\"breadcrumb\":{\"@id\":\"https:\/\/urbaprint.cl\/#breadcrumb\"},\"inLanguage\":\"es\",\"potentialAction\":[{\"@type\":\"ReadAction\",\"target\":[\"https:\/\/urbaprint.cl\/\"]}]},{\"@type\":\"ImageObject\",\"inLanguage\":\"es\",\"@id\":\"https:\/\/urbaprint.cl\/#primaryimage\",\"url\":\"https:\/\/urbaprint.cl\/wordpress\/wp-content\/uploads\/2025\/10\/cropped-logo-6.png\",\"contentUrl\":\"https:\/\/urbaprint.cl\/wordpress\/wp-content\/uploads\/2025\/10\/cropped-logo-6.png\",\"width\":512,\"height\":512},{\"@type\":\"BreadcrumbList\",\"@id\":\"https:\/\/urbaprint.cl\/#breadcrumb\",\"itemListElement\":[{\"@type\":\"ListItem\",\"position\":1,\"name\":\"Portada\",\"item\":\"https:\/\/urbaprint.cl\/\"},{\"@type\":\"ListItem\",\"position\":2,\"name\":\"Impresi\u00f3n Digital\"}]},{\"@type\":\"WebSite\",\"@id\":\"https:\/\/urbaprint.cl\/#website\",\"url\":\"https:\/\/urbaprint.cl\/\",\"name\":\"Urba Print\",\"description\":\"\",\"publisher\":{\"@id\":\"https:\/\/urbaprint.cl\/#organization\"},\"potentialAction\":[{\"@type\":\"SearchAction\",\"target\":{\"@type\":\"EntryPoint\",\"urlTemplate\":\"https:\/\/urbaprint.cl\/?s={search_term_string}\"},\"query-input\":{\"@type\":\"PropertyValueSpecification\",\"valueRequired\":true,\"valueName\":\"search_term_string\"}}],\"inLanguage\":\"es\"},{\"@type\":\"Organization\",\"@id\":\"https:\/\/urbaprint.cl\/#organization\",\"name\":\"UrbaPrint\",\"url\":\"https:\/\/urbaprint.cl\/\",\"logo\":{\"@type\":\"ImageObject\",\"inLanguage\":\"es\",\"@id\":\"https:\/\/urbaprint.cl\/#\/schema\/logo\/image\/\",\"url\":\"https:\/\/urbaprint.cl\/wordpress\/wp-content\/uploads\/2025\/10\/LOGO-URBAVISION-02.png\",\"contentUrl\":\"https:\/\/urbaprint.cl\/wordpress\/wp-content\/uploads\/2025\/10\/LOGO-URBAVISION-02.png\",\"width\":567,\"height\":118,\"caption\":\"UrbaPrint\"},\"image\":{\"@id\":\"https:\/\/urbaprint.cl\/#\/schema\/logo\/image\/\"}}]}<\/script>\n<!-- \/ Yoast SEO plugin. -->","yoast_head_json":{"title":"Impresi\u00f3n Digital - UrbaPrint","description":"Pendones Publicitarios \u2014 Impresi\u00f3n r\u00e1pida y de calidad para emprendedores y Pymes. UrbaPrint. \u00a1Cont\u00e1ctanos! +56963711841 ventas@urbaprint.cl","robots":{"index":"index","follow":"follow","max-snippet":"max-snippet:-1","max-image-preview":"max-image-preview:large","max-video-preview":"max-video-preview:-1"},"canonical":"https:\/\/urbaprint.cl\/","og_locale":"es_ES","og_type":"article","og_title":"Impresi\u00f3n Digital - UrbaPrint","og_description":"Pendones Publicitarios \u2014 Impresi\u00f3n r\u00e1pida y de calidad para emprendedores y Pymes. UrbaPrint. \u00a1Cont\u00e1ctanos! +56963711841 ventas@urbaprint.cl","og_url":"https:\/\/urbaprint.cl\/","og_site_name":"UrbaPrint","article_modified_time":"2025-11-12T06:19:17+00:00","og_image":[{"width":512,"height":512,"url":"https:\/\/urbaprint.cl\/wordpress\/wp-content\/uploads\/2025\/10\/cropped-logo-6.png","type":"image\/png"}],"twitter_card":"summary_large_image","twitter_misc":{"Tiempo de lectura":"1 minuto"},"schema":{"@context":"https:\/\/schema.org","@graph":[{"@type":"WebPage","@id":"https:\/\/urbaprint.cl\/","url":"https:\/\/urbaprint.cl\/","name":"Impresi\u00f3n Digital - UrbaPrint","isPartOf":{"@id":"https:\/\/urbaprint.cl\/#website"},"primaryImageOfPage":{"@id":"https:\/\/urbaprint.cl\/#primaryimage"},"image":{"@id":"https:\/\/urbaprint.cl\/#primaryimage"},"thumbnailUrl":"https:\/\/urbaprint.cl\/wordpress\/wp-content\/uploads\/2025\/10\/cropped-logo-6.png","datePublished":"2021-10-25T09:22:43+00:00","dateModified":"2025-11-12T06:19:17+00:00","description":"Pendones Publicitarios \u2014 Impresi\u00f3n r\u00e1pida y de calidad para emprendedores y Pymes. UrbaPrint. \u00a1Cont\u00e1ctanos! +56963711841 ventas@urbaprint.cl","breadcrumb":{"@id":"https:\/\/urbaprint.cl\/#breadcrumb"},"inLanguage":"es","potentialAction":[{"@type":"ReadAction","target":["https:\/\/urbaprint.cl\/"]}]},{"@type":"ImageObject","inLanguage":"es","@id":"https:\/\/urbaprint.cl\/#primaryimage","url":"https:\/\/urbaprint.cl\/wordpress\/wp-content\/uploads\/2025\/10\/cropped-logo-6.png","contentUrl":"https:\/\/urbaprint.cl\/wordpress\/wp-content\/uploads\/2025\/10\/cropped-logo-6.png","width":512,"height":512},{"@type":"BreadcrumbList","@id":"https:\/\/urbaprint.cl\/#breadcrumb","itemListElement":[{"@type":"ListItem","position":1,"name":"Portada","item":"https:\/\/urbaprint.cl\/"},{"@type":"ListItem","position":2,"name":"Impresi\u00f3n Digital"}]},{"@type":"WebSite","@id":"https:\/\/urbaprint.cl\/#website","url":"https:\/\/urbaprint.cl\/","name":"Urba Print","description":"","publisher":{"@id":"https:\/\/urbaprint.cl\/#organization"},"potentialAction":[{"@type":"SearchAction","target":{"@type":"EntryPoint","urlTemplate":"https:\/\/urbaprint.cl\/?s={search_term_string}"},"query-input":{"@type":"PropertyValueSpecification","valueRequired":true,"valueName":"search_term_string"}}],"inLanguage":"es"},{"@type":"Organization","@id":"https:\/\/urbaprint.cl\/#organization","name":"UrbaPrint","url":"https:\/\/urbaprint.cl\/","logo":{"@type":"ImageObject","inLanguage":"es","@id":"https:\/\/urbaprint.cl\/#\/schema\/logo\/image\/","url":"https:\/\/urbaprint.cl\/wordpress\/wp-content\/uploads\/2025\/10\/LOGO-URBAVISION-02.png","contentUrl":"https:\/\/urbaprint.cl\/wordpress\/wp-content\/uploads\/2025\/10\/LOGO-URBAVISION-02.png","width":567,"height":118,"caption":"UrbaPrint"},"image":{"@id":"https:\/\/urbaprint.cl\/#\/schema\/logo\/image\/"}}]}},"_links":{"self":[{"href":"https:\/\/urbaprint.cl\/index.php\/wp-json\/wp\/v2\/pages\/515","targetHints":{"allow":["GET"]}}],"collection":[{"href":"https:\/\/urbaprint.cl\/index.php\/wp-json\/wp\/v2\/pages"}],"about":[{"href":"https:\/\/urbaprint.cl\/index.php\/wp-json\/wp\/v2\/types\/page"}],"author":[{"embeddable":true,"href":"https:\/\/urbaprint.cl\/index.php\/wp-json\/wp\/v2\/users\/1"}],"replies":[{"embeddable":true,"href":"https:\/\/urbaprint.cl\/index.php\/wp-json\/wp\/v2\/comments?post=515"}],"version-history":[{"count":37,"href":"https:\/\/urbaprint.cl\/index.php\/wp-json\/wp\/v2\/pages\/515\/revisions"}],"predecessor-version":[{"id":852,"href":"https:\/\/urbaprint.cl\/index.php\/wp-json\/wp\/v2\/pages\/515\/revisions\/852"}],"wp:featuredmedia":[{"embeddable":true,"href":"https:\/\/urbaprint.cl\/index.php\/wp-json\/wp\/v2\/media\/755"}],"wp:attachment":[{"href":"https:\/\/urbaprint.cl\/index.php\/wp-json\/wp\/v2\/media?parent=515"}],"curies":[{"name":"wp","href":"https:\/\/api.w.org\/{rel}","templated":true}]}}